{"id":3545,"date":"2018-04-28T15:21:21","date_gmt":"2018-04-28T15:21:21","guid":{"rendered":"https:\/\/ramadakemalpasa.com\/odalar\/"},"modified":"2019-10-04T13:21:45","modified_gmt":"2019-10-04T13:21:45","slug":"rooms_","status":"publish","type":"page","link":"https:\/\/ramadakemalpasa.com\/en\/rooms_\/","title":{"rendered":"Rooms"},"content":{"rendered":"<section class=\"wpb-content-wrapper\"><p>[vc_row full_width=&#8221;stretch_row_content_no_spaces&#8221; css=&#8221;.vc_custom_1568279089041{padding-top: 150px !important;padding-bottom: 150px !important;background-image: url(https:\/\/ramadakemalpasa.com\/wp-content\/uploads\/2019\/09\/ramada-general-rooms-header-photo.jpg?id=3041) !important;background-position: center !important;background-repeat: no-repeat !important;background-size: cover !important;}&#8221;][vc_column]<div  class=\"main-heading\"><span class=\"subtitle\" style=\"font-size:14px;color:rgba(255,255,255,0.79);\">Accommodation &amp; Comfort<\/span><h2 class=\"title\" style=\"font-size:40px;color:#ffffff;\">Rooms<\/h2><\/div>[\/vc_column][\/vc_row][vc_row full_width=&#8221;stretch_row_content_no_spaces&#8221;][vc_column]<div  class=\"empty-space  marg-lg-b40 marg-xs-b50\"><\/div>[\/vc_column][\/vc_row][vc_row][vc_column]<div  class=\"empty-space  marg-lg-b25\"><\/div>\n  <div  class=\"featured-rooms \">\n          <a href=\"https:\/\/ramadakemalpasa.com\/en\/rooms\/dublex-suite-room\/\" class=\"featured-room featured-room--lg\">\n        <div class=\"featured-room__content\">\n          <div class=\"featured-room__title\">Dublex Suite Room<\/div>\n          <div class=\"featured-room__more\">Check details<\/div>\n        <\/div>\n        <img class=\"featured-room__image\" src=\"https:\/\/ramadakemalpasa.com\/wp-content\/uploads\/2019\/09\/dublex-suit-ramada-photo-1-570x432.jpg\" alt=\"\">\n      <\/a>\n          <a href=\"https:\/\/ramadakemalpasa.com\/en\/rooms\/suite-room\/\" class=\"featured-room featured-room--md\">\n        <div class=\"featured-room__content\">\n          <div class=\"featured-room__title\">Suite Room<\/div>\n          <div class=\"featured-room__more\">Check details<\/div>\n        <\/div>\n        <img class=\"featured-room__image\" src=\"https:\/\/ramadakemalpasa.com\/wp-content\/uploads\/2019\/09\/suit-oda-ramada-hotel-0-570x201.jpg\" alt=\"\">\n      <\/a>\n          <a href=\"https:\/\/ramadakemalpasa.com\/en\/rooms\/deluxe-room\/\" class=\"featured-room featured-room--sm\">\n        <div class=\"featured-room__content\">\n          <div class=\"featured-room__title\">Deluxe Room<\/div>\n          <div class=\"featured-room__more\">Check details<\/div>\n        <\/div>\n        <img class=\"featured-room__image\" src=\"https:\/\/ramadakemalpasa.com\/wp-content\/uploads\/2019\/09\/deluxe-oda-ramada-hotel-1-270x201.jpg\" alt=\"\">\n      <\/a>\n          <a href=\"https:\/\/ramadakemalpasa.com\/en\/rooms\/standart-room\/\" class=\"featured-room featured-room--sm\">\n        <div class=\"featured-room__content\">\n          <div class=\"featured-room__title\">Standart Room<\/div>\n          <div class=\"featured-room__more\">Check details<\/div>\n        <\/div>\n        <img class=\"featured-room__image\" src=\"https:\/\/ramadakemalpasa.com\/wp-content\/uploads\/2018\/04\/standart-oda-1-270x201.jpg\" alt=\"\">\n      <\/a>\n        <a href=\"#\" title=\"button\" target=\"_self\" class=\"featured-rooms__link\">T\u00fcm Odalar\u0131 G\u00f6r\u00fcnt\u00fcle<\/a>\n  <\/div>\n  [\/vc_column][\/vc_row][vc_row][vc_column]<div  class=\"empty-space  marg-lg-b50 marg-xs-b50\"><\/div>[\/vc_column][\/vc_row]<\/p>\n<\/section>","protected":false},"excerpt":{"rendered":"<p>[vc_row full_width=&#8221;stretch_row_content_no_spaces&#8221; css=&#8221;.vc_custom_1568279089041{padding-top: 150px !important;padding-bottom: 150px !important;background-image: url(https:\/\/ramadakemalpasa.com\/wp-content\/uploads\/2019\/09\/ramada-general-rooms-header-photo.jpg?id=3041) !important;background-position: center !important;background-repeat: no-repeat !important;background-size: cover !important;}&#8221;][vc_column][\/vc_column][\/vc_row][vc_row full_width=&#8221;stretch_row_content_no_spaces&#8221;][vc_column][\/vc_column][\/vc_row][vc_row][vc_column][\/vc_column][\/vc_row][vc_row][vc_column][\/vc_column][\/vc_row]<\/p>\n","protected":false},"author":1,"featured_media":0,"parent":0,"menu_order":0,"comment_status":"closed","ping_status":"closed","template":"","meta":[],"_links":{"self":[{"href":"https:\/\/ramadakemalpasa.com\/en\/wp-json\/wp\/v2\/pages\/3545"}],"collection":[{"href":"https:\/\/ramadakemalpasa.com\/en\/wp-json\/wp\/v2\/pages"}],"about":[{"href":"https:\/\/ramadakemalpasa.com\/en\/wp-json\/wp\/v2\/types\/page"}],"author":[{"embeddable":true,"href":"https:\/\/ramadakemalpasa.com\/en\/wp-json\/wp\/v2\/users\/1"}],"replies":[{"embeddable":true,"href":"https:\/\/ramadakemalpasa.com\/en\/wp-json\/wp\/v2\/comments?post=3545"}],"version-history":[{"count":3,"href":"https:\/\/ramadakemalpasa.com\/en\/wp-json\/wp\/v2\/pages\/3545\/revisions"}],"predecessor-version":[{"id":3685,"href":"https:\/\/ramadakemalpasa.com\/en\/wp-json\/wp\/v2\/pages\/3545\/revisions\/3685"}],"wp:attachment":[{"href":"https:\/\/ramadakemalpasa.com\/en\/wp-json\/wp\/v2\/media?parent=3545"}],"curies":[{"name":"wp","href":"https:\/\/api.w.org\/{rel}","templated":true}]}}