{"id":3541,"date":"2018-05-01T01:25:42","date_gmt":"2018-05-01T01:25:42","guid":{"rendered":"https:\/\/ramadakemalpasa.com\/hakkimizda\/"},"modified":"2024-06-26T13:18:17","modified_gmt":"2024-06-26T13:18:17","slug":"about-us","status":"publish","type":"page","link":"https:\/\/ramadakemalpasa.com\/en\/about-us\/","title":{"rendered":"About Us"},"content":{"rendered":"<section class=\"wpb-content-wrapper\"><p>[vc_row full_width=&#8221;stretch_row_content_no_spaces&#8221; css=&#8221;.vc_custom_1568897976442{padding-top: 150px !important;padding-bottom: 150px !important;background-image: url(https:\/\/ramadakemalpasa.com\/wp-content\/uploads\/2019\/09\/ramada-kemalpasa_about_header.jpg?id=3242) !important;background-position: center !important;background-repeat: no-repeat !important;background-size: cover !important;}&#8221;][vc_column]<div  class=\"empty-space  marg-lg-b85 marg-xs-b50\"><\/div>[\/vc_column][\/vc_row][vc_row full_width=&#8221;stretch_row_content_no_spaces&#8221;][vc_column]<div  class=\"empty-space  marg-lg-b50 marg-xs-b50\"><\/div>[\/vc_column][\/vc_row][vc_row][vc_column width=&#8221;1\/2&#8243;]<div  class=\"text-block__signature kirmizibaslikli\"><div class=\"subtitle subtitle--left subtitle--sm\"><\/div><div class=\"title title--left title-color-black title--sm\"><h2>Ramada Hotel &amp; Suites by Wyndham Kemalpa\u015fa \u0130zmir<\/h2><\/div><div class=\"spacing\" style=\"height: 4px\"><\/div><div class=\"text\"><p>A total of <b>116 rooms<\/b> in different categories of 83 Standard, 16 Deluxe, 4 Suite, 13 Duplex Suite rooms designed in Aegean concept and <b>Cherry A&#8217;la carte Restaurant and Baresto Bar<\/b>, which serve outstanding and boutique delicacies from Turkish, World and Aegean cuisine is furnished with modern and technological equipment. It provides you the opportunity of a very comfortable and luxurious accommodation where you can rest up from the day\u2019s tiredness with the <b>meeting, seminar rooms and reception halls <\/b>which receives daylight and <b>sports, health and beauty center<\/b>, spacious <b>lobby area and library and business center<\/b> lying on a 1,500 m2 area. We invite you to experience all such privileges special to you which will be provided by Ramada Hotel &amp; Suites by Wyndham Kemalpa\u015fa \u0130zmir by its gracious, dynamic and professional staff.<\/p><\/div><div class=\"spacing\" style=\"height: 15px\"><\/div><\/div><div  class=\"empty-space  marg-xs-b20\"><\/div>[\/vc_column][vc_column width=&#8221;1\/2&#8243;]<img  class=\"img-responsive  \" src=\"https:\/\/ramadakemalpasa.com\/wp-content\/uploads\/2019\/09\/ramada-hotel-photo-01.jpg\" alt=\"\">[\/vc_column][\/vc_row][vc_row full_width=&#8221;stretch_row_content_no_spaces&#8221;][vc_column]<div  class=\"empty-space  marg-lg-b50\"><\/div>[\/vc_column][\/vc_row][vc_row full_width=&#8221;stretch_row_content_no_spaces&#8221;][vc_column]<div  class=\"hb-text-block__wrapper style1 nobtn kirmizibaslikli\" style=\"background-color:#f2f2f2;\"><div class=\"row\"><div class=\"col-md-6\"><div class=\"hb-image__block\"><img src=\"https:\/\/ramadakemalpasa.com\/wp-content\/uploads\/2019\/09\/ramada_kemalpasa_konum_map.jpg\" alt=\"\" \/><\/div><\/div><div class=\"col-md-6\"><div class=\"hb-text_block_content\"><div class=\"hb-text-block___inner_wrapper\"><div class=\"featured-rooms-slider__title title-color-black\">Location<\/div><div class=\"featured-rooms-slider__text content-color-grey\">Being located at the very center of the most important industrial places of the Aegean region such as P\u0131narba\u015f\u0131, I\u015f\u0131kkent, Turgutlu and particularly Kemalpa\u015fa Organized Industrial Zone;<\/p>\n<p>Our hotel is at a distance of only 38 km to Izmir Adnan Menderes airport, and merely 15 minutes long distance to entertainment and shopping centers at Izmir downtown&#8230;<\/p>\n<p>Our hotel serves mainly to business world and industrialists in line with the industrial potential in the region, however, it also has rather favorable physical fixtures and fittings for local and foreign visitors who come to see Kemalpa\u015fa and its surroundings, which was a site for many settlements in ancient ages. In Kemalpa\u015fa, which is a transit point between Smyrna and Sardes, we can provide services of accommodation, food, and beverage, recreation services to our visitors who come to important centers with cultural significance such as Nazark\u00f6y, Kazak Valley, Uluca H\u00f6y\u00fck, Kurudere Canyon and Nif mountain\u2026<\/div><a class=\"btn btn--md btn--normal\" href=\"#\" title=\"button\" target=\"_self\"><\/a><\/div><\/div><\/div><\/div><\/div>[\/vc_column][\/vc_row][vc_row full_width=&#8221;stretch_row_content_no_spaces&#8221;][vc_column]<div  class=\"hb-text-block__wrapper style2 nobtn textleft kirmizibaslikli\"><div class=\"row\"><div class=\"col-md-6\"><div class=\"hb-text_block_content\"><div class=\"hb-text-block___inner_wrapper text-right\"><div class=\"featured-rooms-slider__title title-color-black\">Wyndham Hotels &amp; Resorts<\/div><div class=\"featured-rooms-slider__text content-color-grey\">Wyndham Hotels &amp; Resorts is the <strong>widest hotel chain in the world<\/strong>, with its more than 9,200 hotels operating under 20 different brands in 80 countries.<\/p>\n<p>Ramada Kemalpa\u015fa is the <strong>first and only hotel of the brand<\/strong> \u2018Ramada Hotel &amp; Suites by Wyndham Kemalpa\u015fa \u0130zmir\u2019 of the group in Izmir, which is a prominent city with its modern face and developing industry\u2026<\/div><a class=\"btn btn--md btn--normal\" href=\"#\" title=\"button\" target=\"_self\">Book Now<\/a><\/div><\/div><\/div><div class=\"col-md-6\"><div class=\"hb-image__block\"><img src=\"https:\/\/ramadakemalpasa.com\/wp-content\/uploads\/2019\/09\/wyndham_hotels_resort_logos.jpg\" alt=\"\" \/><\/div><\/div><\/div><\/div>[\/vc_column][\/vc_row]<\/p>\n<\/section>","protected":false},"excerpt":{"rendered":"<p>[vc_row full_width=&#8221;stretch_row_content_no_spaces&#8221; css=&#8221;.vc_custom_1568897976442{padding-top: 150px !important;padding-bottom: 150px !important;background-image: url(https:\/\/ramadakemalpasa.com\/wp-content\/uploads\/2019\/09\/ramada-kemalpasa_about_header.jpg?id=3242) !important;background-position: center !important;background-repeat: no-repeat !important;background-size: cover !important;}&#8221;][vc_column][\/vc_column][\/vc_row][vc_row full_width=&#8221;stretch_row_content_no_spaces&#8221;][vc_column][\/vc_column][\/vc_row][vc_row][vc_column width=&#8221;1\/2&#8243;][\/vc_column][vc_column width=&#8221;1\/2&#8243;][\/vc_column][\/vc_row][vc_row full_width=&#8221;stretch_row_content_no_spaces&#8221;][vc_column][\/vc_column][\/vc_row][vc_row full_width=&#8221;stretch_row_content_no_spaces&#8221;][vc_column][\/vc_column][\/vc_row][vc_row full_width=&#8221;stretch_row_content_no_spaces&#8221;][vc_column][\/vc_column][\/vc_row]<\/p>\n","protected":false},"author":1,"featured_media":0,"parent":0,"menu_order":0,"comment_status":"closed","ping_status":"closed","template":"","meta":[],"_links":{"self":[{"href":"https:\/\/ramadakemalpasa.com\/en\/wp-json\/wp\/v2\/pages\/3541"}],"collection":[{"href":"https:\/\/ramadakemalpasa.com\/en\/wp-json\/wp\/v2\/pages"}],"about":[{"href":"https:\/\/ramadakemalpasa.com\/en\/wp-json\/wp\/v2\/types\/page"}],"author":[{"embeddable":true,"href":"https:\/\/ramadakemalpasa.com\/en\/wp-json\/wp\/v2\/users\/1"}],"replies":[{"embeddable":true,"href":"https:\/\/ramadakemalpasa.com\/en\/wp-json\/wp\/v2\/comments?post=3541"}],"version-history":[{"count":4,"href":"https:\/\/ramadakemalpasa.com\/en\/wp-json\/wp\/v2\/pages\/3541\/revisions"}],"predecessor-version":[{"id":3902,"href":"https:\/\/ramadakemalpasa.com\/en\/wp-json\/wp\/v2\/pages\/3541\/revisions\/3902"}],"wp:attachment":[{"href":"https:\/\/ramadakemalpasa.com\/en\/wp-json\/wp\/v2\/media?parent=3541"}],"curies":[{"name":"wp","href":"https:\/\/api.w.org\/{rel}","templated":true}]}}