{"id":3529,"date":"2019-09-10T12:38:04","date_gmt":"2019-09-10T12:38:04","guid":{"rendered":"https:\/\/ramadakemalpasa.com\/nif-salonu\/"},"modified":"2019-10-04T13:20:58","modified_gmt":"2019-10-04T13:20:58","slug":"nif-hall","status":"publish","type":"page","link":"https:\/\/ramadakemalpasa.com\/en\/meeting-rooms\/nif-hall\/","title":{"rendered":"Nif Hall"},"content":{"rendered":"<section class=\"wpb-content-wrapper\"><p>[vc_row full_width=&#8221;stretch_row_content_no_spaces&#8221; css=&#8221;.vc_custom_1568119928101{padding-top: 150px !important;padding-bottom: 150px !important;background-image: url(https:\/\/ramadakemalpasa.com\/wp-content\/uploads\/2019\/09\/nif-salonu-header-photo.jpg?id=2882) !important;background-position: center !important;background-repeat: no-repeat !important;background-size: cover !important;}&#8221;][vc_column]<div  class=\"main-heading\"><span class=\"subtitle\" style=\"font-size:14px;color:rgba(255,255,255,0.79);\">N\u0130F HALL<\/span><h2 class=\"title\" style=\"font-size:40px;color:#ffffff;\">Meeting Rooms<\/h2><\/div>[\/vc_column][\/vc_row][vc_row full_width=&#8221;stretch_row_content_no_spaces&#8221;][vc_column]<div  class=\"empty-space  marg-lg-b30 marg-xs-b50\"><\/div>[\/vc_column][\/vc_row][vc_row][vc_column width=&#8221;1\/2&#8243;]<div class=\"text-block \" ><div class=\"simple-text \"><h2><span style=\"color: #d01541;\">Nif Hall<\/span><\/h2>\n<p><strong>Our 150 m2 Meeting Hall has a capacity of;<\/strong><br \/>\n<strong>60 People in U-shaped Layout,<\/strong><br \/>\n<strong>100 People in Class Layout,<\/strong><br \/>\n<strong>150 People in Theatre Layout,<\/strong><br \/>\n<strong>120 People in Banquet Layout,<\/strong><br \/>\n<strong>160 People in Cocktail Layout <\/strong><\/p>\n<ul>\n<li>Motorized lightproof curtain system<\/li>\n<li>Ergonomic office chairs<\/li>\n<li>Fixed serving equipment<\/li>\n<li>Boutique coffee break and buffet presentations<\/li>\n<li>Controllable heating &amp; cooling systems<\/li>\n<li>Controllable projection and curtain system<\/li>\n<li>High-speed cable and wireless internet access<\/li>\n<li>Conference call system<\/li>\n<li>LCD information display<\/li>\n<li>Independent fixed sound system<\/li>\n<li>Other modern and technological meeting equipment (lectern, flipchart, laser pointer)<\/li>\n<\/ul>\n<\/div><\/div>[\/vc_column][vc_column width=&#8221;1\/2&#8243;]<div  class=\"block mb-0 block--image-gallery\"><div class=\"block__content\"><div class=\"image-gallery\"><div class=\"image-gallery__main\"><div class=\"image-gallery__item\"><img src=\"https:\/\/ramadakemalpasa.com\/wp-content\/uploads\/2019\/09\/nif-salonu_04072014025214623-748x400.jpg\" alt=\"\"><\/div><div class=\"image-gallery__item\"><img src=\"https:\/\/ramadakemalpasa.com\/wp-content\/uploads\/2019\/09\/nif-salonu_04072014025218132-748x400.jpg\" alt=\"\"><\/div><div class=\"image-gallery__item\"><img src=\"https:\/\/ramadakemalpasa.com\/wp-content\/uploads\/2019\/09\/nif-salonu_04072014025220820-748x400.jpg\" alt=\"\"><\/div><div class=\"image-gallery__item\"><img src=\"https:\/\/ramadakemalpasa.com\/wp-content\/uploads\/2019\/09\/nif-salonu_04072014025223570-748x400.jpg\" alt=\"\"><\/div><div class=\"image-gallery__item\"><img src=\"https:\/\/ramadakemalpasa.com\/wp-content\/uploads\/2019\/09\/nif-salonu_04072014025226695-748x400.jpg\" alt=\"\"><\/div><\/div><ul class=\"image-gallery__thumbs\"><li class=\"image-gallery__thumb\"><button class=\"image-gallery__button\"><img src=\"https:\/\/ramadakemalpasa.com\/wp-content\/uploads\/2019\/09\/nif-salonu_04072014025214623-178x95.jpg\" alt=\"\"><\/button><\/li><li class=\"image-gallery__thumb\"><button class=\"image-gallery__button\"><img src=\"https:\/\/ramadakemalpasa.com\/wp-content\/uploads\/2019\/09\/nif-salonu_04072014025218132-178x95.jpg\" alt=\"\"><\/button><\/li><li class=\"image-gallery__thumb\"><button class=\"image-gallery__button\"><img src=\"https:\/\/ramadakemalpasa.com\/wp-content\/uploads\/2019\/09\/nif-salonu_04072014025220820-178x95.jpg\" alt=\"\"><\/button><\/li><li class=\"image-gallery__thumb\"><button class=\"image-gallery__button\"><img src=\"https:\/\/ramadakemalpasa.com\/wp-content\/uploads\/2019\/09\/nif-salonu_04072014025223570-178x95.jpg\" alt=\"\"><\/button><\/li><li class=\"image-gallery__thumb\"><button class=\"image-gallery__button\"><img src=\"https:\/\/ramadakemalpasa.com\/wp-content\/uploads\/2019\/09\/nif-salonu_04072014025226695-178x95.jpg\" alt=\"\"><\/button><\/li><\/ul><\/div><\/div><\/div>[\/vc_column][\/vc_row][vc_row][vc_column]<div  class=\"empty-space  marg-sm-b20 marg-xs-b20\"><\/div><div class=\"text-block \" ><div class=\"simple-text \"><p>The name of our Nif meeting hall has originated from the Kemalpa\u015fa district. The previous name of this district, which is famous for its cherry, is Nif. It has Manisa on its north, Torbal\u0131, and Bay\u0131nd\u0131r on its south, Turgutlu on its east and Bornova and Buca districts on its west. Since Mustafa Kemal Pasha stayed in this locality on the night of 9 September 1922, its name was later changed into Kemalpa\u015fa.<\/p>\n<\/div><\/div>[\/vc_column][\/vc_row][vc_row full_width=&#8221;stretch_row_content_no_spaces&#8221;][vc_column]<div  class=\"empty-space  marg-lg-b40 marg-xs-b50\"><\/div>[\/vc_column][\/vc_row]<\/p>\n<\/section>","protected":false},"excerpt":{"rendered":"<p>[vc_row full_width=&#8221;stretch_row_content_no_spaces&#8221; css=&#8221;.vc_custom_1568119928101{padding-top: 150px !important;padding-bottom: 150px !important;background-image: url(https:\/\/ramadakemalpasa.com\/wp-content\/uploads\/2019\/09\/nif-salonu-header-photo.jpg?id=2882) !important;background-position: center !important;background-repeat: no-repeat !important;background-size: cover !important;}&#8221;][vc_column][\/vc_column][\/vc_row][vc_row full_width=&#8221;stretch_row_content_no_spaces&#8221;][vc_column][\/vc_column][\/vc_row][vc_row][vc_column width=&#8221;1\/2&#8243;][\/vc_column][vc_column width=&#8221;1\/2&#8243;][\/vc_column][\/vc_row][vc_row][vc_column][\/vc_column][\/vc_row][vc_row full_width=&#8221;stretch_row_content_no_spaces&#8221;][vc_column][\/vc_column][\/vc_row]<\/p>\n","protected":false},"author":1,"featured_media":0,"parent":3537,"menu_order":0,"comment_status":"closed","ping_status":"closed","template":"","meta":[],"_links":{"self":[{"href":"https:\/\/ramadakemalpasa.com\/en\/wp-json\/wp\/v2\/pages\/3529"}],"collection":[{"href":"https:\/\/ramadakemalpasa.com\/en\/wp-json\/wp\/v2\/pages"}],"about":[{"href":"https:\/\/ramadakemalpasa.com\/en\/wp-json\/wp\/v2\/types\/page"}],"author":[{"embeddable":true,"href":"https:\/\/ramadakemalpasa.com\/en\/wp-json\/wp\/v2\/users\/1"}],"replies":[{"embeddable":true,"href":"https:\/\/ramadakemalpasa.com\/en\/wp-json\/wp\/v2\/comments?post=3529"}],"version-history":[{"count":2,"href":"https:\/\/ramadakemalpasa.com\/en\/wp-json\/wp\/v2\/pages\/3529\/revisions"}],"predecessor-version":[{"id":3617,"href":"https:\/\/ramadakemalpasa.com\/en\/wp-json\/wp\/v2\/pages\/3529\/revisions\/3617"}],"up":[{"embeddable":true,"href":"https:\/\/ramadakemalpasa.com\/en\/wp-json\/wp\/v2\/pages\/3537"}],"wp:attachment":[{"href":"https:\/\/ramadakemalpasa.com\/en\/wp-json\/wp\/v2\/media?parent=3529"}],"curies":[{"name":"wp","href":"https:\/\/api.w.org\/{rel}","templated":true}]}}