{"id":3524,"date":"2019-09-16T15:15:00","date_gmt":"2019-09-16T15:15:00","guid":{"rendered":"https:\/\/ramadakemalpasa.com\/kvkk\/"},"modified":"2019-10-04T13:20:52","modified_gmt":"2019-10-04T13:20:52","slug":"kvkk","status":"publish","type":"page","link":"https:\/\/ramadakemalpasa.com\/en\/kvkk\/","title":{"rendered":"KVKK"},"content":{"rendered":"<section class=\"wpb-content-wrapper\"><p>[vc_row full_width=&#8221;stretch_row_content_no_spaces&#8221; css=&#8221;.vc_custom_1568646897944{padding-top: 150px !important;padding-bottom: 150px !important;background-image: url(https:\/\/ramadakemalpasa.com\/wp-content\/uploads\/2019\/09\/ramada-about-us-header-photo.jpg?id=2990) !important;background-position: center !important;background-repeat: no-repeat !important;background-size: cover !important;}&#8221;][vc_column]<div  class=\"main-heading\"><span class=\"subtitle\" style=\"font-size:14px;color:rgba(255,255,255,0.79);\">Ramada Hotel &amp; SUITES by Wyndham Kemalpa\u015fa \u0130zmir<\/span><h2 class=\"title\" style=\"font-size:40px;color:#ffffff;\">Ki\u015filer Verilerin Korunmas\u0131 Kanunu<\/h2><\/div>[\/vc_column][\/vc_row][vc_row full_width=&#8221;stretch_row_content_no_spaces&#8221;][vc_column]<div  class=\"empty-space  marg-lg-b30 marg-xs-b50\"><\/div>[\/vc_column][\/vc_row][vc_row][vc_column width=&#8221;1\/12&#8243;][\/vc_column][vc_column width=&#8221;5\/6&#8243;]<div class=\"text-block \" ><div class=\"simple-text \"><h2><b>Ko\u015fullar ve \u015eartlar<\/b><\/h2>\n<p><b>\u0130ptal Politikas\u0131<\/b><\/p>\n<p><span style=\"font-weight: 400;\">Rezervasyonlar\u0131n Otel\u2019e giri\u015f g\u00fcn\u00fc en ge\u00e7 18:00\u2019ya kadar iptal edilmesi gerekmektedir. Aksi takdirde t\u00fcm konaklama \u00fccreti fatura edilir.<\/span><\/p>\n<p><b>Garanti Politikas\u0131<\/b><\/p>\n<p><span style=\"font-weight: 400;\">T\u00fcm rezervasyonlar\u0131n\u0131z i\u00e7in rezervasyon esnas\u0131nda kredi kart\u0131 bilgisine ihtiya\u00e7 duyulur.<\/span><\/p>\n<p><b>Ko\u015fullar ve \u015eartlar<\/b><\/p>\n<p><span style=\"font-weight: 400;\">Otele Giri\u015f \u2013 Saat: 14:00 pm Otelden \u00c7\u0131k\u0131\u015f \u2013Saat\u00a0 12:00pm dir.<\/span><\/p>\n<p><span style=\"font-weight: 400;\">Otopark mevcuttur. Evcil hayvan kabul edilmemektedir. Erken Giri\u015f, \u0130lave Ki\u015fi,\u00a0 \u0130lave \u00c7ocuk taleplerinizde Resepsiyona dan\u0131\u015fman\u0131z\u0131 rica ederiz. Konaklama fiyatlar\u0131na %8 KDV dahildir.<\/span><\/p>\n<p><b>Gizlilik Politikas\u0131<\/b><\/p>\n<p><span style=\"font-weight: 400;\">Ki\u015fisel verilerin korunmas\u0131 kanunu kapsam\u0131nda ayd\u0131nlatma metnine web sitemizden ula\u015fabilirsiniz. Detaylar i\u00e7in t\u0131klay\u0131n\u0131z.<\/span><\/p>\n<p><a href=\"http:\/\/www.ramadakemalpasa.com\"><span style=\"font-weight: 400;\">www.ramadakemalpasa.com<\/span><\/a><\/p>\n<p><span style=\"font-weight: 400;\"><br \/>\n<\/span><b>Gizlilik Politikas\u0131 ile ilgili A\u00e7\u0131klama<\/b><\/p>\n<p><span style=\"font-weight: 400;\">Bu internet sitesi yoluyla Ramada Hotel &amp; Suites by Wyndham Kemalpa\u015fa \u0130zmir iletilen ki\u015fisel bilgiler sadece a\u015fa\u011f\u0131da \u00f6zetlenen \u015fekilde kullan\u0131l\u0131r.<\/span><\/p>\n<p><b>Gizlilik Politikas\u0131<\/b><\/p>\n<p><span style=\"font-weight: 400;\">Internet sitemizi kullanarak, Ramada Hotel &amp; Suites by Wyndham Kemalpa\u015fa \u0130zmir ile ba\u011flant\u0131l\u0131 \u015firketler taraf\u0131ndan web sitemiz yoluyla elde edilen ve toplanan ki\u015fisel verilerin kullan\u0131lmas\u0131na izin veriyorsunuz.<\/span><\/p>\n<p><span style=\"font-weight: 400;\">Ramada Hotel &amp; Suites by Wyndham Kemalpa\u015fa \u0130zmir bu verileri a\u015fa\u011f\u0131daki ama\u00e7lar i\u00e7in kullan\u0131r:<\/span><\/p>\n<p><span style=\"font-weight: 400;\">Bas\u0131l\u0131 yay\u0131nlar ya da di\u011fer yaz\u0131\u015fmalar g\u00f6ndermek i\u00e7in.\u00a0<\/span><span style=\"font-weight: 400;\"><br \/>\n<\/span><span style=\"font-weight: 400;\">E-posta yoluyla bas\u0131n b\u00fcltenleri ya da bildirimler g\u00f6ndermek i\u00e7in.\u00a0<\/span><span style=\"font-weight: 400;\"><br \/>\n<\/span><span style=\"font-weight: 400;\">Sat\u0131n ald\u0131\u011f\u0131n\u0131z \u00fcr\u00fcnleri ya da \u00f6d\u00fcllerinizi teslim etmek.\u00a0<\/span><span style=\"font-weight: 400;\"><br \/>\n<\/span><span style=\"font-weight: 400;\">Rezervasyon istekleri i\u015flemek ve hesab\u0131n\u0131z\u0131 y\u00f6netmek i\u00e7in.\u00a0<\/span><span style=\"font-weight: 400;\"><br \/>\n<\/span><span style=\"font-weight: 400;\">\u0130\u015flemlerinize ili\u015fkin istatistikleri hesaplamak i\u00e7in, ve web sitesi kullan\u0131m\u0131 ile ilgili ticari istatistik ve analiz olu\u015fturmak amac\u0131yla.<\/span><\/p>\n<p><span style=\"font-weight: 400;\">Ramada Hotel &amp; Suites by Wyndham Kemalpa\u015fa \u0130zmir\u2019e\u00a0 hizmet sa\u011flayan ajanslar\u0131n veya y\u00fcklenicilerin, s\u00f6z konusu bilgileri gizli tutmalar\u0131 gerekmektedir ve Ramada Hotel &amp; Suites by Wyndham Kemalpa\u015fa \u0130zmir i\u00e7in ger\u00e7ekle\u015ftirdikleri hizmetleri yerine getirmek d\u0131\u015f\u0131nda ba\u015fka hi\u00e7bir ama\u00e7la bu bilgileri kullanmalar\u0131na m\u00fcsaade edilmemektedir.<\/span><\/p>\n<p>&nbsp;<\/p>\n<p>&nbsp;<\/p>\n<p><b>Ramada Hotel &amp; Suites by Wyndham Kemalpa\u015fa \u0130zmir<\/b> <b>Gizlilik Politikas\u0131<\/b><\/p>\n<p><span style=\"font-weight: 400;\">Ziyaret etti\u011finiz web sitesi, Ramada Hotel &amp; Suites by Wyndham Kemalpa\u015fa \u0130zmir\u2019e ait olup Ramada Hotel &amp; Suites by Wyndham Kemalpa\u015fa \u0130zmir taraf\u0131ndan i\u015fletilmektedir.<\/span><\/p>\n<p><span style=\"font-weight: 400;\">Ramada Hotel &amp; Suites by Wyndham Kemalpa\u015fa \u0130zmir, sizlerin ki\u015fisel gizlili\u011fini korumay\u0131 taahh\u00fct etmektedir. Bu Gizlilik Politikas\u0131, Ramada Hotel &amp; Suites by Wyndham Kemalpa\u015fa \u0130zmir taraf\u0131ndan bu web sitesinde toplanan bilgi t\u00fcrlerini ve bunlar\u0131 nas\u0131l kullan\u0131p korudu\u011fumuzu ana hatlar\u0131yla a\u00e7\u0131klamaktad\u0131r. Bu politika ayn\u0131 zamanda sizlere web sitemizi ziyaret etti\u011finiz zamanlarda &#8220;Ki\u015fisel Bilgilerinizin&#8221; toplanmas\u0131n\u0131 istemedi\u011finiz takdirde ne yapman\u0131z gerekti\u011fini ve bize sa\u011flam\u0131\u015f oldu\u011funuz bilgileri nas\u0131l de\u011fi\u015ftirebilece\u011finizi anlatmaktad\u0131r. Bu politika yaln\u0131zca bu web sitesi i\u00e7in ge\u00e7erlidir. \u00d6rne\u011fin, \u00fc\u00e7\u00fcnc\u00fc \u015fah\u0131slar\u0131n m\u00fclkiyetinde olan web sitelerinde sponsorlu\u011funu yapabilece\u011fimiz veya kat\u0131l\u0131mda bulunabilece\u011fimiz man\u015fetler, reklamlar veya tan\u0131t\u0131mlar i\u00e7in ge\u00e7erli de\u011fildir.<\/span><\/p>\n<p><b>Bu Gizlilik Politikas\u0131 a\u00e7\u0131s\u0131ndan izniniz<\/b><\/p>\n<p><span style=\"font-weight: 400;\">Web sitemizi kullanarak, sitenin bu alan\u0131nda ilan edilen mevcut Gizlilik Politikam\u0131z\u0131n \u015fartlar\u0131 ile mutab\u0131k oldu\u011funuzu g\u00f6sterebilirsiniz. Bu politikadaki \u015fartlar konusunda mutab\u0131k de\u011filseniz, l\u00fctfen bu sitede Ki\u015fisel Bilgilerinizi belirtmeyiniz.<\/span><\/p>\n<p><span style=\"font-weight: 400;\">Bu sitede Ki\u015fisel Bilgi belirtmemeyi se\u00e7ti\u011finiz durumda, sitenin belirli alanlar\u0131na eri\u015fim sa\u011flamak, \u00e7evrimi\u00e7i haber b\u00fclten talebinde bulunmak, \u00e7evrimi\u00e7i rezervasyon yapmak, i\u015f ba\u015fvurusunda bulunmak, i\u015fletmelerimiz hakk\u0131nda geri-bildirimlerde bulunmak veya bize elektronik posta g\u00f6ndermek gibi birtak\u0131m haklardan yararlanamayacaks\u0131n\u0131z.<\/span><\/p>\n<p><b>Ki\u015fisel Bilgi Toplanmas\u0131<\/b><\/p>\n<p><span style=\"font-weight: 400;\">Bu Gizlilik Politikas\u0131nda kullan\u0131ld\u0131\u011f\u0131 \u00fczere, &#8220;Ki\u015fisel Bilgi&#8221;, ad, ev adresi, telefon numaras\u0131, kredi kart\u0131 bilgisi ve e-posta adresi gibi te\u015fhis edilebilecek ki\u015fisel bilgilerdir. Girmi\u015f oldu\u011funuz site, bu Ki\u015fisel Bilgi t\u00fcrlerinin baz\u0131lar\u0131n\u0131 veya t\u00fcm\u00fcn\u00fc toplayabilir. Sizler bu bilgileri g\u00f6n\u00fcll\u00fc olarak vermedi\u011finiz takdirde, Ramada Hotel &amp; Suites by Wyndham Kemalpa\u015fa \u0130zmir\u2019in, sitemize yapt\u0131\u011f\u0131n\u0131z ziyaretlerinizden herhangi bir Ki\u015fisel Bilgi toplamayaca\u011f\u0131 konusunda taraf\u0131n\u0131z\u0131 temin ederiz.<\/span><\/p>\n<p><span style=\"font-weight: 400;\">Taraf\u0131m\u0131za Ki\u015fisel Bilgi verdi\u011finizde, Gizlilik Politikas\u0131n\u0131n \u015fartlar\u0131 do\u011frultusunda taraf\u0131m\u0131z\u0131 bu bilgileri kullanmak konusunda yetkilendirmi\u015f oluyorsunuz.<\/span><\/p>\n<p><span style=\"font-weight: 400;\">Girdi\u011finiz site sizden, \u00fc\u00e7\u00fcnc\u00fc ki\u015filer ile ilgili olarak da Ki\u015fisel Bilgiler almak isteyebilir. Bu t\u00fcr bir bilgiyi yaln\u0131zca belirtilen ama\u00e7 do\u011frultusunda kulland\u0131\u011f\u0131m\u0131z\u0131 ve s\u00f6z konusu \u00fc\u00e7\u00fcnc\u00fc \u015fah\u0131s taraf\u0131m\u0131zla ileti\u015fime ge\u00e7medi\u011fi takdirde ve s\u00fcrece bu \u00fc\u00e7\u00fcnc\u00fc \u015fah\u0131sla e-posta yoluyla tekrar ba\u011flant\u0131 kurmayaca\u011f\u0131m\u0131z\u0131 unutmay\u0131n\u0131z.<\/span><\/p>\n<p><b>Bilgileriniz Nas\u0131l Kullan\u0131lmaktad\u0131r?<\/b><\/p>\n<p><span style=\"font-weight: 400;\">Bu web sitesinde Ki\u015fisel Bilgilerinizi kulland\u0131\u011f\u0131n\u0131zda, bu t\u00fcr bir bilgiyi, yaln\u0131zca toplan\u0131ld\u0131\u011f\u0131 \u00f6zel ama\u00e7 do\u011frultusunda kullanaca\u011f\u0131z (\u00f6rne\u011fin, sizi haber b\u00fclten \u00fcyeli\u011fine sokmak veya size yapm\u0131\u015f oldu\u011funuz rezervasyonunu onay\u0131 i\u00e7in elektronik posta g\u00f6ndermek amac\u0131yla). Bu bilgiler ayr\u0131ca, ilginizi \u00e7ekebilece\u011fini d\u00fc\u015f\u00fcnd\u00fc\u011f\u00fcm\u00fcz \u00fcr\u00fcnlerimiz ve\/veya hizmetlerimiz ile ilgili size bilgi ve\/veya promosyon duyurusu g\u00f6ndermek amac\u0131yla da taraf\u0131m\u0131zca kullan\u0131labilir. S\u00f6z konusu bilgileri, size \u00fcr\u00fcnleri\/hizmetleri ile ilgili bilgi ve\/veya teklif g\u00f6ndermek isteyebilecek taraf\u0131m\u0131zca dikkatle se\u00e7ilmi\u015f \u015firketlerle payla\u015fabilir veya bu \u015firketlere iletebiliriz. Bununla birlikte, istedi\u011finiz zaman, bu t\u00fcr bir ileti\u015fimden vazge\u00e7ebilirsiniz.<\/span><\/p>\n<p><span style=\"font-weight: 400;\">Bazen Ki\u015fisel Bilgiler de dahil olmak \u00fczere web sitelerimizde toplad\u0131\u011f\u0131m\u0131z verileri i\u015flemesi veya analiz etmesi i\u00e7in \u00fc\u00e7\u00fcnc\u00fc \u015fah\u0131slar\u0131 devreye sokabiliriz. Ayr\u0131ca bizden bir \u00fcr\u00fcn veya hizmet sipari\u015f etti\u011finiz takdirde, taraf\u0131n\u0131za ait Ki\u015fisel Bilgileri, s\u00f6z konusu \u00fcr\u00fcn\u00fcn veya hizmetin teslimini sa\u011flamak \u00fczere tedarik\u00e7i firmalarla veya \u00fc\u00e7\u00fcnc\u00fc \u015fah\u0131slarla payla\u015fabiliriz. Taraf\u0131n\u0131za ait Ki\u015fisel Bilgilerin, bu tedarik\u00e7i firmalarca ve di\u011fer \u00fc\u00e7\u00fcnc\u00fc \u015fah\u0131slarca kullan\u0131lmas\u0131na hi\u00e7bir \u015fekilde izin verilmemektedir.<\/span><\/p>\n<p><span style=\"font-weight: 400;\">Son olarak, Ki\u015fisel Bilgilerinizi, yasalar, arama emri, mahkeme celbi veya mahkeme emri ile gerekli oldu\u011fu takdirde if\u015fa edebilece\u011fimizi bildiririz.<\/span><\/p>\n<p><b>Toplayabilece\u011fimiz Di\u011fer Veriler<\/b><\/p>\n<p><span style=\"font-weight: 400;\">Bilgisayar\u0131n\u0131z\u0131n sabit s\u00fcr\u00fcc\u00fcs\u00fcnde yer alan web gezgininde saklanan bilgi dosyalar\u0131 veya par\u00e7alar\u0131 olan &#8220;\u00e7erezleri&#8221; leri (bilgi bloklar\u0131) duymu\u015fsunuzdur. Ramada Hotel &amp; Suites by Wyndham Kemalpa\u015fa \u0130zmir, &#8220;\u00e7erezleri&#8221; leri, ziyaret etti\u011finiz \u00f6zel site alanlar\u0131 ve web sitemizde yararland\u0131\u011f\u0131n\u0131z hizmetlerimiz gibi bilgileri toplamak i\u00e7in kullanabilir. Bu bilgileri sitemizi, ilgilendi\u011finiz ve ihtiya\u00e7 duydu\u011funuz \u00fcr\u00fcnlerimizi de\u011fi\u015ftirebilmek i\u00e7in toplamaktay\u0131z. Web sitemizde gelecek faaliyetlerinizin h\u0131zland\u0131r\u0131lmas\u0131na yard\u0131m etmek i\u00e7in bu &#8220;\u00e7erezler&#8221; ler de kullan\u0131labilir. \u00d6rne\u011fin, bir site, kullan\u0131lmas\u0131 ve ayn\u0131 bilginin bir kez daha size sorulmas\u0131ndan ka\u00e7\u0131nmak i\u00e7in verdi\u011finiz Ki\u015fisel Bilgileri tan\u0131yabilir. Bir\u00e7ok web gezgini, bir &#8220;\u00e7erez&#8221; i kabul etmesi i\u00e7in \u00f6nceden ayarlan\u0131r. Tercihen &#8220;\u00e7erez&#8221; leri reddetmek veya &#8220;\u00e7erez&#8221; g\u00f6nderildi\u011finde ikaz edilmek a\u00e7\u0131s\u0131ndan kendi web gezgininizi ayarlayabilirsiniz. Girdi\u011finiz sitede &#8220;\u00e7erez&#8221; leri reddetmek, sitenin baz\u0131 alanlar\u0131n\u0131 gezmenizi veya siteyi ziyaret etti\u011finizde ki\u015fiselle\u015ftirilmi\u015f bilgilerin al\u0131nmas\u0131n\u0131 engelleyebilir.<\/span><\/p>\n<p><span style=\"font-weight: 400;\">\u0130laveten, web sitemizin tan\u0131t\u0131m\u0131n\u0131 s\u00fcrekli geli\u015ftirmekteyiz. Web sitemize girmek i\u00e7in ne zaman t\u0131klad\u0131\u011f\u0131n\u0131z\u0131 belirleyerek web sitemizin varl\u0131\u011f\u0131n\u0131n ne kadar etkili oldu\u011funu \u00f6l\u00e7ebiliriz. Site \u00f6l\u00e7me istatistikleri, web site deneyiminizin ki\u015fiselle\u015ftirilmesi yan\u0131nda, &#8211; isimsiz ve b\u00fct\u00fcnsel olarak &#8211; web sitesinin kullan\u0131m\u0131 ile ilgili istatistiklerin de\u011ferlendirilmesi i\u00e7in kullan\u0131labilir.<\/span><span style=\"font-weight: 400;\"><br \/>\n<\/span><span style=\"font-weight: 400;\">IP adresiniz (Internet&#8217;te gezdi\u011finiz zamanlarda bilgisayar\u0131n\u0131z i\u00e7in tayin edilen bir numara), kullanmakta oldu\u011funuz Web gezgini tipi ve yine kullanmakta oldu\u011funuz i\u015fletim sistemi gibi bilgisayar\u0131n\u0131z ile ilgili bilgiler de toplanabilir ve Ki\u015fisel Bilgilerinize ba\u011flanabilir. Bu, web sitemizin, ziyaret\u00e7iler i\u00e7in en iyi web deneyimini sunmam\u0131z\u0131 ve etkili bilgi kaynaklar\u0131 olmas\u0131n\u0131 sa\u011flamak i\u00e7in gereklidir.<\/span><span style=\"font-weight: 400;\"><br \/>\n<\/span><span style=\"font-weight: 400;\">Ziyaret etti\u011finiz baz\u0131 sayfalar, Ramada Hotel &amp; Suites by Wyndham Kemalpa\u015fa \u0130zmir \u2018in tan\u0131t\u0131m faaliyetlerini ve web sitesinin geli\u015ftirilmesini do\u011frudan destekleyen \u00fc\u00e7\u00fcnc\u00fc \u015fah\u0131slarla payla\u015f\u0131labilecek piksel etiketlerin kullan\u0131m\u0131 yolu ile bilgi toplayabilir.<\/span><\/p>\n<p><span style=\"font-weight: 400;\">Son olarak, bize sa\u011flam\u0131\u015f oldu\u011funuz bilgileri, elimizde bulunan veya \u00fc\u00e7\u00fcnc\u00fc \u015fah\u0131slardan ald\u0131\u011f\u0131m\u0131z di\u011fer bilgilere ilave edebiliriz. Bunu ihtiya\u00e7lar\u0131n\u0131z\u0131 kar\u015f\u0131lamak \u00fczere daha \u00e7ok hedeflenen \u00fcr\u00fcnler ve hizmet sunmak i\u00e7in pazarlama ama\u00e7l\u0131 olarak ger\u00e7ekle\u015ftirmekteyiz.<\/span><\/p>\n<p><b>Veri G\u00fcvenli\u011fi<\/b><\/p>\n<p><span style=\"font-weight: 400;\">Ki\u015fisel Bilgilerinizin g\u00fcvenli\u011fini sa\u011flamak i\u00e7in makul \u00f6nlemler almaktay\u0131z. T\u00fcm te\u015fhis edilebilir ki\u015fisel bilgiler, izinsiz eri\u015fimi, de\u011fi\u015ftirmeyi veya k\u00f6t\u00fcye kullanmay\u0131 \u00f6nlemek amac\u0131yla k\u0131s\u0131tl\u0131 eri\u015fime tabidir.<\/span><span style=\"font-weight: 400;\"><br \/>\n<\/span><span style=\"font-weight: 400;\">Ramada Hotel &amp; Suites by Wyndham Kemalpa\u015fa \u0130zmir\u2019e hizmet sa\u011flayan ajanslar\u0131n veya y\u00fcklenicilerin, s\u00f6z konusu bilgileri gizli tutmalar\u0131 gerekmektedir ve Ramada Hotel &amp; Suites by Wyndham Kemalpa\u015fa \u0130zmir i\u00e7in ger\u00e7ekle\u015ftirdikleri hizmetleri yerine getirmek d\u0131\u015f\u0131nda ba\u015fka hi\u00e7bir ama\u00e7la bu bilgileri kullanmalar\u0131na m\u00fcsaade edilmemektedir.<\/span><\/p>\n<p><b>Politikam\u0131zdaki De\u011fi\u015fiklikler<\/b><\/p>\n<p><span style=\"font-weight: 400;\">Ramada Hotel &amp; Suites by Wyndham Kemalpa\u015fa \u0130zmir\u2019in bu Gizlilik Politikas\u0131n\u0131 de\u011fi\u015ftirme veya iptal etme hakk\u0131 sakl\u0131d\u0131r. Herhangi bir yeni politikay\u0131 burada ilan edece\u011fiz ve s\u00fcrekli haberdar olmak istiyorsan\u0131z bu alan\u0131 s\u0131k s\u0131k ziyaret etmenizi istemekteyiz.<\/span><\/p>\n<p><b>\u0130leti\u015fim<\/b><\/p>\n<p><span style=\"font-weight: 400;\">Bu Gizlilik Politikas\u0131 ile ilgili herhangi bir g\u00f6r\u00fc\u015f bildirmek, soru y\u00f6neltmek, veya Gizlilik Politikas\u0131n\u0131n ihlali ile ilgili haber vermek isterseniz,\u00a0<\/span><a href=\"mailto:info@ramadakemalpasa.com\"><span style=\"font-weight: 400;\">info@ramadakemalpasa.com<\/span><\/a><span style=\"font-weight: 400;\">\u00a0adresine yaz\u0131n. Ramada Hotel &amp; Suites by Wyndham Kemalpa\u015fa \u0130zmir bu talepleri kar\u015f\u0131lamak \u00fczere gerekli ad\u0131mlar\u0131 atacakt\u0131r.<\/span><\/p>\n<p><span style=\"font-weight: 400;\">Ayn\u0131 \u015fekilde Ramada Hotel &amp; Suites by Wyndham Kemalpa\u015fa \u0130zmir, web sitelerimiz ile ilgili gizlili\u011finizi korumay\u0131 taahh\u00fct etmektedir. Bu Gizlilik Politikas\u0131 ile ilgili sorular\u0131n\u0131z, g\u00f6r\u00fc\u015fleriniz veya kayg\u0131lar\u0131n\u0131z i\u00e7in bizimle ba\u011flant\u0131 kurmaktan \u00e7ekinmeyin.<\/span><\/p>\n<\/div><\/div><div  class=\"empty-space  marg-lg-b20\"><\/div>[\/vc_column][vc_column width=&#8221;1\/12&#8243;][\/vc_column][\/vc_row][vc_row full_width=&#8221;stretch_row_content_no_spaces&#8221;][vc_column]<div  class=\"empty-space  marg-lg-b40 marg-xs-b50\"><\/div>[\/vc_column][\/vc_row]<\/p>\n<\/section>","protected":false},"excerpt":{"rendered":"<p>[vc_row full_width=&#8221;stretch_row_content_no_spaces&#8221; css=&#8221;.vc_custom_1568646897944{padding-top: 150px !important;padding-bottom: 150px !important;background-image: url(https:\/\/ramadakemalpasa.com\/wp-content\/uploads\/2019\/09\/ramada-about-us-header-photo.jpg?id=2990) !important;background-position: center !important;background-repeat: no-repeat !important;background-size: cover !important;}&#8221;][vc_column][\/vc_column][\/vc_row][vc_row full_width=&#8221;stretch_row_content_no_spaces&#8221;][vc_column][\/vc_column][\/vc_row][vc_row][vc_column width=&#8221;1\/12&#8243;][\/vc_column][vc_column width=&#8221;5\/6&#8243;][\/vc_column][vc_column width=&#8221;1\/12&#8243;][\/vc_column][\/vc_row][vc_row full_width=&#8221;stretch_row_content_no_spaces&#8221;][vc_column][\/vc_column][\/vc_row]<\/p>\n","protected":false},"author":1,"featured_media":0,"parent":0,"menu_order":0,"comment_status":"closed","ping_status":"closed","template":"","meta":[],"_links":{"self":[{"href":"https:\/\/ramadakemalpasa.com\/en\/wp-json\/wp\/v2\/pages\/3524"}],"collection":[{"href":"https:\/\/ramadakemalpasa.com\/en\/wp-json\/wp\/v2\/pages"}],"about":[{"href":"https:\/\/ramadakemalpasa.com\/en\/wp-json\/wp\/v2\/types\/page"}],"author":[{"embeddable":true,"href":"https:\/\/ramadakemalpasa.com\/en\/wp-json\/wp\/v2\/users\/1"}],"replies":[{"embeddable":true,"href":"https:\/\/ramadakemalpasa.com\/en\/wp-json\/wp\/v2\/comments?post=3524"}],"version-history":[{"count":2,"href":"https:\/\/ramadakemalpasa.com\/en\/wp-json\/wp\/v2\/pages\/3524\/revisions"}],"predecessor-version":[{"id":3684,"href":"https:\/\/ramadakemalpasa.com\/en\/wp-json\/wp\/v2\/pages\/3524\/revisions\/3684"}],"wp:attachment":[{"href":"https:\/\/ramadakemalpasa.com\/en\/wp-json\/wp\/v2\/media?parent=3524"}],"curies":[{"name":"wp","href":"https:\/\/api.w.org\/{rel}","templated":true}]}}