{"id":3521,"date":"2019-09-19T10:29:35","date_gmt":"2019-09-19T10:29:35","guid":{"rendered":"https:\/\/ramadakemalpasa.com\/kemalpasa\/"},"modified":"2024-06-26T13:19:33","modified_gmt":"2024-06-26T13:19:33","slug":"kemalpasa","status":"publish","type":"page","link":"https:\/\/ramadakemalpasa.com\/en\/kemalpasa\/","title":{"rendered":"Kemalpa\u015fa"},"content":{"rendered":"<section class=\"wpb-content-wrapper\"><p>[vc_row full_width=&#8221;stretch_row_content_no_spaces&#8221; css=&#8221;.vc_custom_1568186930225{padding-top: 150px !important;padding-bottom: 150px !important;background-image: url(https:\/\/ramadakemalpasa.com\/wp-content\/uploads\/2019\/09\/ramada-about-us-header-photo.jpg?id=2990) !important;background-position: center !important;background-repeat: no-repeat !important;background-size: cover !important;}&#8221;][vc_column]<div  class=\"main-heading\"><span class=\"subtitle\" style=\"font-size:14px;color:rgba(255,255,255,0.79);\"><\/span><h2 class=\"title\" style=\"font-size:40px;color:#ffffff;\">Kemalpa\u015fa<\/h2><\/div>[\/vc_column][\/vc_row][vc_row full_width=&#8221;stretch_row_content_no_spaces&#8221;][vc_column]<div  class=\"empty-space  marg-lg-b50 marg-xs-b50\"><\/div>[\/vc_column][\/vc_row][vc_row][vc_column width=&#8221;1\/2&#8243;]<div  class=\"text-block__signature\"><div class=\"subtitle subtitle--left subtitle--sm\"><\/div><div class=\"title title--left title-color-black title--sm\"><h2>Kemalpa\u015fa<\/h2><\/div><div class=\"spacing\" style=\"height: 4px\"><\/div><div class=\"text\"><p>The historical name of the Kemalpa\u015fa district, &#8220;Nif,&#8221; means &#8220;bride&#8221; in Greek. This name comes from the district&#8217;s appearance, especially in spring, when cherry and fruit trees blossom, making it look like a bride with its year-round greenery. Kemalpa\u015fa, known for its world-famous cherries and pine forests, produces the earliest cherries in the world.<\/p>\n<p>Due to its strategic location, Kemalpa\u015fa is at the heart of \u0130zmir, P\u0131narba\u015f\u0131, I\u015f\u0131kkent, and Turgutlu, the most important industrial centers of the Aegean region. With ongoing railway and junction projects, and the introduction of the Kemalpa\u015fa Logistics Center, Kemalpa\u015fa is set to contribute increasingly to Turkey&#8217;s commercial potential.<\/p>\n<p>The \u0130zmir Kemalpa\u015fa Organized Industrial Zone, one of Turkey&#8217;s largest organized industrial zones, hosts over 500 domestic and international companies. With growing investment demand and the provision of nearly 30,000 jobs, it has played a pivotal role in the increased interest and preference for the region in recent years.<\/p><\/div><div class=\"spacing\" style=\"height: 15px\"><\/div><\/div><div  class=\"empty-space  marg-xs-b20\"><\/div>[\/vc_column][vc_column width=&#8221;1\/2&#8243;]<img  class=\"img-responsive  \" src=\"https:\/\/ramadakemalpasa.com\/wp-content\/uploads\/2019\/09\/ramada_kemalpasa.jpg\" alt=\"\">[\/vc_column][\/vc_row][vc_row full_width=&#8221;stretch_row_content_no_spaces&#8221;][vc_column]<div  class=\"empty-space  marg-lg-b50\"><\/div>[\/vc_column][\/vc_row]<\/p>\n<\/section>","protected":false},"excerpt":{"rendered":"<p>[vc_row full_width=&#8221;stretch_row_content_no_spaces&#8221; css=&#8221;.vc_custom_1568186930225{padding-top: 150px !important;padding-bottom: 150px !important;background-image: url(https:\/\/ramadakemalpasa.com\/wp-content\/uploads\/2019\/09\/ramada-about-us-header-photo.jpg?id=2990) !important;background-position: center !important;background-repeat: no-repeat !important;background-size: cover !important;}&#8221;][vc_column][\/vc_column][\/vc_row][vc_row full_width=&#8221;stretch_row_content_no_spaces&#8221;][vc_column][\/vc_column][\/vc_row][vc_row][vc_column width=&#8221;1\/2&#8243;][\/vc_column][vc_column width=&#8221;1\/2&#8243;][\/vc_column][\/vc_row][vc_row full_width=&#8221;stretch_row_content_no_spaces&#8221;][vc_column][\/vc_column][\/vc_row]<\/p>\n","protected":false},"author":1,"featured_media":0,"parent":0,"menu_order":0,"comment_status":"closed","ping_status":"closed","template":"","meta":[],"_links":{"self":[{"href":"https:\/\/ramadakemalpasa.com\/en\/wp-json\/wp\/v2\/pages\/3521"}],"collection":[{"href":"https:\/\/ramadakemalpasa.com\/en\/wp-json\/wp\/v2\/pages"}],"about":[{"href":"https:\/\/ramadakemalpasa.com\/en\/wp-json\/wp\/v2\/types\/page"}],"author":[{"embeddable":true,"href":"https:\/\/ramadakemalpasa.com\/en\/wp-json\/wp\/v2\/users\/1"}],"replies":[{"embeddable":true,"href":"https:\/\/ramadakemalpasa.com\/en\/wp-json\/wp\/v2\/comments?post=3521"}],"version-history":[{"count":2,"href":"https:\/\/ramadakemalpasa.com\/en\/wp-json\/wp\/v2\/pages\/3521\/revisions"}],"predecessor-version":[{"id":3903,"href":"https:\/\/ramadakemalpasa.com\/en\/wp-json\/wp\/v2\/pages\/3521\/revisions\/3903"}],"wp:attachment":[{"href":"https:\/\/ramadakemalpasa.com\/en\/wp-json\/wp\/v2\/media?parent=3521"}],"curies":[{"name":"wp","href":"https:\/\/api.w.org\/{rel}","templated":true}]}}